{"id":550,"date":"2025-06-16T22:24:25","date_gmt":"2025-06-16T20:24:25","guid":{"rendered":"https:\/\/podzial.rodzinne.com.pl\/news\/?page_id=550"},"modified":"2025-06-16T23:21:08","modified_gmt":"2025-06-16T21:21:08","slug":"porada-prawna","status":"publish","type":"page","link":"https:\/\/podzial.rodzinne.com.pl\/news\/porada-prawna\/","title":{"rendered":"Porada prawna"},"content":{"rendered":"\n<div class=\"wp-block-group alignfull is-layout-flow wp-block-group-is-layout-flow\">\n<div class=\"wp-block-group is-nowrap is-layout-flex wp-container-core-group-is-layout-6c531013 wp-block-group-is-layout-flex\">\n<head>\n\n    <meta charset=\"utf-8\" \/>\n\n    <meta name=\"viewport\" content=\"width=device-width, initial-scale=1.0\" \/>\n\n    <link href=\"https:\/\/podzial.rodzinne.com.pl\/assets\/css\/bootstrap.css\" rel=\"stylesheet\" \/>\n\n    <link href=\"https:\/\/podzial.rodzinne.com.pl\/assets\/css\/font-awesome.css\" rel=\"stylesheet\" \/>\n\n    <link href=\"https:\/\/podzial.rodzinne.com.pl\/assets\/css\/basic.css\" rel=\"stylesheet\" \/>\n\n    <link href=\"https:\/\/podzial.rodzinne.com.pl\/assets\/css\/custom.css\" rel=\"stylesheet\" \/>\n\n    <link href=\"https:\/\/fonts.googleapis.com\/css?family=Open+Sans&#038;display=swap&#038;subset=latin-ext\" rel=\"stylesheet\"> \n\n<\/head>\n\n<body>\n\n    <div id=\"wrapper\">\n\n        <nav class=\"navbar navbar-default navbar-cls-top \" role=\"navigation\" style=\"margin-bottom: 0\">\n\n            <div class=\"navbar-header\">\n\n                <button type=\"button\" class=\"navbar-toggle\" data-toggle=\"collapse\" data-target=\".sidebar-collapse\">\n\n                    <span class=\"sr-only\">Toggle navigation<\/span>\n\n                    <span class=\"icon-bar\"><\/span>\n\n                    <span class=\"icon-bar\"><\/span>\n\n                    <span class=\"icon-bar\"><\/span>\n\n                <\/button>\n\n                <a class=\"navbar-brand\" href=\"\/\">PRAWO RODZINNE<\/a>\n\n            <\/div>\n\n            <div class=\"header-right\">\n\n                <a href=\"https:\/\/podzial.rodzinne.com.pl\/en\/\" class=\"btn btn-primary\" title=\"New Task\"><b>english <\/b><img loading=\"lazy\" decoding=\"async\" src=\"https:\/\/podzial.rodzinne.com.pl\/images\/en.gif\" width=\"16\" height=\"11\" alt=\"english\"><\/a>\n\n            <\/div>\n\n        <\/nav>\n\n        <nav class=\"navbar-default navbar-side\" role=\"navigation\">\n\n            <div class=\"sidebar-collapse\">\n\n                <ul class=\"nav\" id=\"main-menu\">\n\n                    <li>\n\n                        <div class=\"user-img-div\">\n\n                            <img decoding=\"async\" src=\"https:\/\/podzial.rodzinne.com.pl\/images\/adwokat.jpg\" class=\"img-thumbnail\" \/>\n\n\n\n                            <div class=\"inner-text\">\n\n                               Adwokat Piotr St\u0105czek\n\n                            <br \/>\n\n                                <small>Porady przygotowane przez prawnik\u00f3w Kancelarii Adwokackiej w Warszawie <\/small>\n\n                            <\/div>\n\n                        <\/div>\n\n\n\n                    <\/li>\n\n                    <li>\n\n                        <a  href=\"https:\/\/podzial.rodzinne.com.pl\"><i class=\"fa fa-graduation-cap\"><\/i>Poradnik prawny<\/a>\n\n                    <\/li>\n\n                    <li>\n\n                        <a href=\"https:\/\/podzial.rodzinne.com.pl\/news\/\"><i class=\"fa fa-desktop \"><\/i>Aktualno\u015bci<\/a>\n\n                    <\/li>\n\n                     <li>\n\n                        <a href=\"#\"><i class=\"fa fa-pie-chart\"><\/i>Dopuszczalno\u015b\u0107 podzia\u0142u <span class=\"fa arrow\"><\/span><\/a>\n\n                         <ul class=\"nav nav-second-level\">\n\n                            <li>\n\n                                <a href=\"https:\/\/podzial.rodzinne.com.pl\/dopuszczalny-w-malzenstwie.html\"><i class=\"fa fa-caret-right\"><\/i>w trakcie ma\u0142\u017ce\u0144stwa<\/a>\n\n                            <\/li>\n\n                            <li>\n\n                                <a href=\"https:\/\/podzial.rodzinne.com.pl\/dopuszczalny-z-rozwodem.html\"><i class=\"fa fa-caret-right\"><\/i>razem z rozwodem i separacj\u0105<\/a>\n\n                            <\/li>\n\n                             <li>\n\n                                <a href=\"https:\/\/podzial.rodzinne.com.pl\/dopuszczalny-po-rozwodzie.html\"><i class=\"fa fa-caret-right\"><\/i>po rozwodzie<\/a>\n\n                            <\/li>\n\n                             <li>\n\n                                <a href=\"https:\/\/podzial.rodzinne.com.pl\/dopuszczalny-po-separacji.html\"><i class=\"fa fa-caret-right\"><\/i>po separacji<\/a>\n\n                            <\/li>\n\n                            \n\n                             <li>\n\n                                <a href=\"https:\/\/podzial.rodzinne.com.pl\/dopuszczalny-po-smierci.html\"><i class=\"fa fa-caret-right\"><\/i>po \u015bmierci<\/a>\n\n                            <\/li>        \n\n                        <\/ul>\n\n                    <\/li>\n\n                    <li>\n\n                        <a href=\"#\"><i class=\"fa fa-bar-chart\"><\/i>Sposoby podzia\u0142u <span class=\"fa arrow\"><\/span><\/a>\n\n                         <ul class=\"nav nav-second-level\">\n\n                            <li>\n\n                                <a href=\"https:\/\/podzial.rodzinne.com.pl\/podzial-rzeczy.html\"><i class=\"fa fa-caret-right\"><\/i>podzia\u0142 rzeczy  <\/a>\n\n                            <\/li>\n\n                            <li>\n\n                                <a href=\"https:\/\/podzial.rodzinne.com.pl\/splaty-doplaty.html\"><i class=\"fa fa-caret-right\"><\/i>sp\u0142aty i dop\u0142aty  <\/a>\n\n                            <\/li>\n\n                             <li>\n\n                                <a href=\"https:\/\/podzial.rodzinne.com.pl\/licytacja-majatku.html\"><i class=\"fa fa-caret-right\"><\/i>licytacja maj\u0105tku  <\/a>\n\n                            <\/li>\n\n                             <li>\n\n                                <a href=\"https:\/\/podzial.rodzinne.com.pl\/rozliczenie-nakladow.html\"><i class=\"fa fa-caret-right\"><\/i>rozliczenie nak\u0142ad\u00f3w  <\/a>\n\n                            <\/li>\n\n                            \n\n                             <li>\n\n                                <a href=\"https:\/\/podzial.rodzinne.com.pl\/rozliczenie-darowizn.html\"><i class=\"fa fa-caret-right\"><\/i>rozliczenie darowizn i zapis\u00f3w windykacyjnych  <\/a>\n\n                            <\/li>\n\n                             <li>\n\n                                <a href=\"https:\/\/podzial.rodzinne.com.pl\/splata-dlugow.html\"><i class=\"fa fa-caret-right\"><\/i>sp\u0142ata d\u0142ug\u00f3w  <\/a>\n\n                            <\/li>\n\n                             <li>\n\n                                <a href=\"https:\/\/podzial.rodzinne.com.pl\/wycena-majatku.html\"><i class=\"fa fa-caret-right\"><\/i>wycena maj\u0105tku  <\/a>\n\n                            <\/li>\n\n                            \n\n                             <li>\n\n                                <a href=\"https:\/\/podzial.rodzinne.com.pl\/nierowne-udzialy.html\"><i class=\"fa fa-caret-right\"><\/i>nier\u00f3wne udzia\u0142y  <\/a>\n\n                            <\/li>                            \n\n                           \n\n                        <\/ul>                        \n\n                    <\/li>\n\n                    <li>\n\n                        <a href=\"#\"><i class=\"fa fa-key\"><\/i>Procedura podzia\u0142u <span class=\"fa arrow\"><\/span><\/a>\n\n                         <ul class=\"nav nav-second-level\">\n\n                            <li>\n\n                                <a href=\"https:\/\/podzial.rodzinne.com.pl\/podzial-samodzielny.html\"><i class=\"fa fa-caret-right\"><\/i>samodzielny  <\/a>\n\n                            <\/li>\n\n                            <li>\n\n                                <a href=\"https:\/\/podzial.rodzinne.com.pl\/notariusz.html\"><i class=\"fa fa-caret-right\"><\/i>u notariusza  <\/a>\n\n                            <\/li>\n\n                             <li>\n\n                                <a href=\"https:\/\/podzial.rodzinne.com.pl\/procedura-sadowa.html\"><i class=\"fa fa-caret-right\"><\/i>w s\u0105dzie  <\/a>\n\n                            <\/li>                            \n\n                           \n\n                        <\/ul>                          \n\n                    <\/li>\n\n                     <li>\n\n                        <a href=\"#\"><i class=\"fa fa-money\"><\/i>Odpowiedzialno\u015b\u0107 za d\u0142ugi <span class=\"fa arrow\"><\/span><\/a>\n\n                         <ul class=\"nav nav-second-level\">\n\n                            <li>\n\n                                <a href=\"https:\/\/podzial.rodzinne.com.pl\/dlugi-malzonka.html\"><i class=\"fa fa-caret-right\"><\/i>odpowiedzialno\u015b\u0107 za d\u0142ugi ma\u0142\u017conka  <\/a>\n\n                            <\/li>\n\n                            <li>\n\n                                <a href=\"https:\/\/podzial.rodzinne.com.pl\/odpowiedzialnosc-spadkowe.html\"><i class=\"fa fa-caret-right\"><\/i>odpowiedzialno\u015b\u0107 za d\u0142ugi spadkowe  <\/a>\n\n                            <\/li>                           \n\n                           \n\n                        <\/ul>                         \n\n                    <\/li>\n\n                    <li>\n\n                        <a href=\"#\"><i class=\"fa fa-info-circle\"><\/i>Przypadki szczeg\u00f3lne <span class=\"fa arrow\"><\/span><\/a>\n\n                         <ul class=\"nav nav-second-level\">\n\n                            <li>\n\n                                <a href=\"https:\/\/podzial.rodzinne.com.pl\/sprzedaz-bez-podzialu.html\"><i class=\"fa fa-caret-right\"><\/i>sprzeda\u017c maj\u0105tku bez podzia\u0142u  <\/a>\n\n                            <\/li>\n\n                            <li>\n\n                                <a href=\"https:\/\/podzial.rodzinne.com.pl\/mieszkanie-z-kredytem.html\"><i class=\"fa fa-caret-right\"><\/i>mieszkanie z kredytem  <\/a>\n\n                            <\/li>\n\n                             <li>\n\n                                <a href=\"https:\/\/podzial.rodzinne.com.pl\/przedsiebiorstwo.html\"><i class=\"fa fa-caret-right\"><\/i>przedsi\u0119biorstwo  <\/a>\n\n                            <\/li>\n\n                             <li>\n\n                                <a href=\"https:\/\/podzial.rodzinne.com.pl\/spolka-cywilna.html\"><i class=\"fa fa-caret-right\"><\/i>sp\u00f3\u0142ka cywilna  <\/a>\n\n                            <\/li>\n\n                            \n\n                             <li>\n\n                                <a href=\"https:\/\/podzial.rodzinne.com.pl\/spolka-jawna.html\"><i class=\"fa fa-caret-right\"><\/i>sp\u00f3\u0142ka jawna  <\/a>\n\n                            <\/li>\n\n                             <li>\n\n                                <a href=\"https:\/\/podzial.rodzinne.com.pl\/spolka-komandytowa.html\"><i class=\"fa fa-caret-right\"><\/i>sp\u00f3\u0142ka komandytowa  <\/a>\n\n                            <\/li>\n\n                             <li>\n\n                                <a href=\"https:\/\/podzial.rodzinne.com.pl\/spolka-zoo.html\"><i class=\"fa fa-caret-right\"><\/i>sp\u00f3\u0142ka z o.o.  <\/a>\n\n                            <\/li>                           \n\n                             <li>\n\n                                <a href=\"https:\/\/podzial.rodzinne.com.pl\/spolka-akcyjna.html\"><i class=\"fa fa-caret-right\"><\/i>sp\u00f3\u0142ka akcyjna  <\/a>\n\n                            <\/li>                            \n\n                             <li>\n\n                                <a href=\"https:\/\/podzial.rodzinne.com.pl\/ofe.html\"><i class=\"fa fa-caret-right\"><\/i>OFE  <\/a>\n\n                            <\/li>\n\n                             <li>\n\n                                <a href=\"https:\/\/podzial.rodzinne.com.pl\/zus.html\"><i class=\"fa fa-caret-right\"><\/i>ZUS  <\/a>\n\n                            <\/li>\n\n                             <li>\n\n                                <a href=\"https:\/\/podzial.rodzinne.com.pl\/gospodarstwo-rolne.html\"><i class=\"fa fa-caret-right\"><\/i>gospodarstwo rolne  <\/a>\n\n                            <\/li>\n\n                            \n\n                             <li>\n\n                                <a href=\"https:\/\/podzial.rodzinne.com.pl\/rachunek-bankowy.html\"><i class=\"fa fa-caret-right\"><\/i>rachunek bankowy  <\/a>\n\n                            <\/li>                            \n\n                        <\/ul>                         \n\n                    <\/li>\n\n                    <li>\n\n                        <a href=\"#\"><i class=\"fa fa-newspaper-o\"><\/i>S\u0142owniczek <span class=\"fa arrow\"><\/span><\/a>\n\n                         <ul class=\"nav nav-second-level\">\n\n                            <li>\n\n                                <a href=\"https:\/\/podzial.rodzinne.com.pl\/masa-spadkowa.html\"><i class=\"fa fa-caret-right\"><\/i>masa  spadkowa  <\/a>\n\n                            <\/li>\n\n                            <li>\n\n                                <a href=\"https:\/\/podzial.rodzinne.com.pl\/majatek-wspolny.html\"><i class=\"fa fa-caret-right\"><\/i>maj\u0105tek wsp\u00f3lny  <\/a>\n\n                            <\/li>\n\n                             <li>\n\n                                <a href=\"https:\/\/podzial.rodzinne.com.pl\/majatek-osobisty.html\"><i class=\"fa fa-caret-right\"><\/i>maj\u0105tek osobisty  <\/a>\n\n                            <\/li>\n\n                             <li>\n\n                                <a href=\"https:\/\/podzial.rodzinne.com.pl\/naklady.html\"><i class=\"fa fa-caret-right\"><\/i>nak\u0142ady na maj\u0105tek wsp\u00f3lny  <\/a>\n\n                            <\/li>\n\n                            \n\n                             <li>\n\n                                <a href=\"https:\/\/podzial.rodzinne.com.pl\/dlugi-spadkowe.html\"><i class=\"fa fa-caret-right\"><\/i>d\u0142ugi spadkowe  <\/a>\n\n                            <\/li>\n\n                             <li>\n\n                                <a href=\"https:\/\/podzial.rodzinne.com.pl\/udzialy-majatku.html\"><i class=\"fa fa-caret-right\"><\/i>udzia\u0142y w maj\u0105tku wsp\u00f3lnym  <\/a>\n\n                            <\/li>\n\n                             <li>\n\n                                <a href=\"https:\/\/podzial.rodzinne.com.pl\/udzialy-spadkowe.html\"><i class=\"fa fa-caret-right\"><\/i>udzia\u0142y spadkowe  <\/a>\n\n                            <\/li>\n\n                            \n\n                             <li>\n\n                                <a href=\"https:\/\/podzial.rodzinne.com.pl\/splaty.html\"><i class=\"fa fa-caret-right\"><\/i>sp\u0142aty i dop\u0142aty  <\/a>\n\n                            <\/li>                            \n\n                           \n\n                        <\/ul>                        \n\n                    <\/li>\n\n                    <li>\n\n                                <a href=\"https:\/\/podzial.rodzinne.com.pl\/orzecznictwo.html\"><i class=\"fa fa-gavel\"><\/i>Orzecznictwo<\/a>\n\n                    <\/li>\n\n                    <li>\n\n                                <a href=\"#\"><i class=\"fa fa-university\"><\/i>Przepisy <span class=\"fa arrow\"><\/span><\/a>\n\n                         <ul class=\"nav nav-second-level\">\n\n                            <li>\n\n                                <a href=\"https:\/\/podzial.rodzinne.com.pl\/kc.html\"><i class=\"fa fa-caret-right\"><\/i>fragment kc  <\/a>\n\n                            <\/li>\n\n                            <li>\n\n                                <a href=\"https:\/\/podzial.rodzinne.com.pl\/krio.html\"><i class=\"fa fa-caret-right\"><\/i>fragment krio  <\/a>\n\n                            <\/li>\n\n                             <li>\n\n                                <a href=\"https:\/\/podzial.rodzinne.com.pl\/kpc.html\"><i class=\"fa fa-caret-right\"><\/i>fragment kpc  <\/a>\n\n                            <\/li>                                             \n\n                        <\/ul>                                \n\n                    <\/li>           \n\n\n<li>                      <a href=\"https:\/\/podzial.rodzinne.com.pl\/news\/porada-prawna\/\"><i class=\"fa fa-desktop \"><\/i>kontakt<\/a>               <\/li>\n                <\/ul>\n\n            <\/div>\n\n        <\/nav>\n\n    <\/div>\n\n    <script src=\"https:\/\/podzial.rodzinne.com.pl\/assets\/js\/jquery-1.10.2.js\"><\/script>\n\n    <script src=\"https:\/\/podzial.rodzinne.com.pl\/assets\/js\/bootstrap.js\"><\/script>\n\n    <script src=\"https:\/\/podzial.rodzinne.com.pl\/assets\/js\/jquery.metisMenu.js\"><\/script>\n\n    <script src=\"https:\/\/podzial.rodzinne.com.pl\/assets\/js\/custom.js\"><\/script>\n\n<\/body>\n<\/div>\n<\/div>\n\n\n\n<div class=\"wp-block-group alignfull is-layout-flow wp-block-group-is-layout-flow\">\n<div class=\"wp-block-group alignfull has-global-padding is-layout-constrained wp-container-core-group-is-layout-a105e1ad wp-block-group-is-layout-constrained\" style=\"min-height:1px;padding-top:0;padding-bottom:0\">\n<div class=\"wp-block-group has-global-padding is-layout-constrained wp-block-group-is-layout-constrained\">\n<div style=\"height:50px\" aria-hidden=\"true\" class=\"wp-block-spacer\"><\/div>\n<\/div>\n\n\n\n<div class=\"wp-block-columns is-style-default is-layout-flex wp-container-core-columns-is-layout-9f34d7d8 wp-block-columns-is-layout-flex\" style=\"padding-top:4px;padding-bottom:var(--wp--preset--spacing--20);padding-left:var(--wp--preset--spacing--30)\">\n<div class=\"wp-block-column is-vertically-aligned-top has-global-padding is-layout-constrained wp-block-column-is-layout-constrained\" style=\"flex-basis:150px\"><\/div>\n\n\n\n<div class=\"wp-block-column is-layout-flow wp-block-column-is-layout-flow\" style=\"padding-right:0;padding-left:0;flex-basis:60%\">\n<h2 class=\"wp-block-heading has-text-align-center\">Kontakt z prawnikiem<\/h2>\n\n\n\n<div style=\"height:20px\" aria-hidden=\"true\" class=\"wp-block-spacer\"><\/div>\n\n\n<div class=\"wpforms-container wpforms-container-full wpforms-block wpforms-block-48c51bdb-bd63-4129-9954-7baf251c53dc wpforms-render-modern\" id=\"wpforms-541\"><form id=\"wpforms-form-541\" class=\"wpforms-validate wpforms-form wpforms-ajax-form\" data-formid=\"541\" method=\"post\" enctype=\"multipart\/form-data\" action=\"\/news\/wp-json\/wp\/v2\/pages\/550\" data-token=\"4411b428ce0be9cd359604a9a639f744\" data-token-time=\"1777198606\"><noscript class=\"wpforms-error-noscript\">Aby wype\u0142ni\u0107 ten formularz, w\u0142\u0105cz obs\u0142ug\u0119 JavaScript w przegl\u0105darce.<\/noscript><div class=\"wpforms-hidden\" id=\"wpforms-error-noscript\">Aby wype\u0142ni\u0107 ten formularz, w\u0142\u0105cz obs\u0142ug\u0119 JavaScript w przegl\u0105darce.<\/div><div class=\"wpforms-field-container\"><div id=\"wpforms-541-field_1-container\" class=\"wpforms-field wpforms-field-name\" data-field-id=\"1\"><label class=\"wpforms-field-label\" for=\"wpforms-541-field_1\">Imi\u0119 i nazwisko<\/label><input type=\"text\" id=\"wpforms-541-field_1\" class=\"wpforms-field-medium\" name=\"wpforms[fields][1]\" aria-errormessage=\"wpforms-541-field_1-error\" ><\/div><div id=\"wpforms-541-field_2-container\" class=\"wpforms-field wpforms-field-email\" data-field-id=\"2\"><label class=\"wpforms-field-label\" for=\"wpforms-541-field_2\">Adres e-mail <span class=\"wpforms-required-label\" aria-hidden=\"true\">*<\/span><\/label><input type=\"email\" id=\"wpforms-541-field_2\" class=\"wpforms-field-medium wpforms-field-required\" name=\"wpforms[fields][2]\" spellcheck=\"false\" aria-errormessage=\"wpforms-541-field_2-error\" required><\/div><div id=\"wpforms-541-field_4-container\" class=\"wpforms-field wpforms-field-text\" data-field-id=\"4\"><label class=\"wpforms-field-label\" for=\"wpforms-541-field_4\">Telefon<\/label><input type=\"text\" id=\"wpforms-541-field_4\" class=\"wpforms-field-medium\" name=\"wpforms[fields][4]\" aria-errormessage=\"wpforms-541-field_4-error\" aria-describedby=\"wpforms-541-field_4-description\" ><div id=\"wpforms-541-field_4-description\" class=\"wpforms-field-description\">Podaj je\u015bli zgadzasz si\u0119 na kontakt telefoniczny.<\/div><\/div><div id=\"wpforms-541-field_5-container\" class=\"wpforms-field wpforms-field-text\" data-field-id=\"5\"><label class=\"wpforms-field-label\" for=\"wpforms-541-field_5\">Miejscowo\u015b\u0107<\/label><input type=\"text\" id=\"wpforms-541-field_5\" class=\"wpforms-field-medium\" name=\"wpforms[fields][5]\" aria-errormessage=\"wpforms-541-field_5-error\" aria-describedby=\"wpforms-541-field_5-description\" ><div id=\"wpforms-541-field_5-description\" class=\"wpforms-field-description\">Sk\u0105d do nas piszesz?<\/div><\/div><div id=\"wpforms-541-field_3-container\" class=\"wpforms-field wpforms-field-textarea\" data-field-id=\"3\"><label class=\"wpforms-field-label\" for=\"wpforms-541-field_3\">Komentarz lub wiadomo\u015b\u0107 <span class=\"wpforms-required-label\" aria-hidden=\"true\">*<\/span><\/label><textarea id=\"wpforms-541-field_3\" class=\"wpforms-field-medium wpforms-field-required\" name=\"wpforms[fields][3]\" aria-errormessage=\"wpforms-541-field_3-error\" required><\/textarea><\/div><\/div><!-- .wpforms-field-container --><div class=\"wpforms-recaptcha-container wpforms-is-hcaptcha\" ><div class=\"g-recaptcha\" data-sitekey=\"01be9a82-9760-4d60-8544-00f8efce0776\"><\/div><input type=\"text\" name=\"g-recaptcha-hidden\" class=\"wpforms-recaptcha-hidden\" style=\"position:absolute!important;clip:rect(0,0,0,0)!important;height:1px!important;width:1px!important;border:0!important;overflow:hidden!important;padding:0!important;margin:0!important;\" data-rule-hcaptcha=\"1\"><\/div><div class=\"wpforms-submit-container\" ><input type=\"hidden\" name=\"wpforms[id]\" value=\"541\"><input type=\"hidden\" name=\"page_title\" value=\"\"><input type=\"hidden\" name=\"page_url\" value=\"https:\/\/podzial.rodzinne.com.pl\/news\/wp-json\/wp\/v2\/pages\/550\"><input type=\"hidden\" name=\"url_referer\" value=\"\"><button type=\"submit\" name=\"wpforms[submit]\" id=\"wpforms-submit-541\" class=\"wpforms-submit\" data-alt-text=\"Wysy\u0142anie...\" data-submit-text=\"Prze\u015blij\" aria-live=\"assertive\" value=\"wpforms-submit\">Prze\u015blij<\/button><img loading=\"lazy\" decoding=\"async\" src=\"https:\/\/podzial.rodzinne.com.pl\/news\/wp-content\/plugins\/wpforms-lite\/assets\/images\/submit-spin.svg\" class=\"wpforms-submit-spinner\" style=\"display: none;\" width=\"26\" height=\"26\" alt=\"Wczytywanie\"><\/div><\/form><\/div>  <!-- .wpforms-container --><\/div>\n\n\n\n<div class=\"wp-block-column is-layout-flow wp-block-column-is-layout-flow\" style=\"flex-basis:30%\">\n<div style=\"height:var(--wp--preset--spacing--20)\" aria-hidden=\"true\" class=\"wp-block-spacer\"><\/div>\n\n\n\n<div style=\"height:var(--wp--preset--spacing--60)\" aria-hidden=\"true\" class=\"wp-block-spacer\"><\/div>\n\n\n\n<div class=\"wp-block-group is-style-default has-background has-global-padding is-layout-constrained wp-container-core-group-is-layout-8c6a275e wp-block-group-is-layout-constrained\" style=\"border-radius:10px;background-color:#d9edf7;margin-top:0;margin-bottom:0;padding-top:4px;padding-right:1px;padding-bottom:4px;padding-left:1px\">\n<p class=\"has-text-align-center\">POMOC PRAWNIKA<\/p>\n\n\n\n<div class=\"wp-block-group has-global-padding is-layout-constrained wp-container-core-group-is-layout-e458ab3b wp-block-group-is-layout-constrained\" style=\"margin-top:0;margin-bottom:0;padding-right:0;padding-left:0\">\n<div class=\"wp-block-group has-base-background-color has-background is-vertical is-layout-flex wp-container-core-group-is-layout-6493d412 wp-block-group-is-layout-flex\" style=\"margin-top:0;margin-bottom:0;padding-top:var(--wp--preset--spacing--20);padding-right:var(--wp--preset--spacing--20);padding-bottom:var(--wp--preset--spacing--20);padding-left:var(--wp--preset--spacing--20)\">\n<p>Kancelaria Adwokacka Adwokat Piotr St\u0105czek<\/p>\n\n\n\n<p id=\"line1\">ul. W\u0105wozowa 11, pi\u0119tro 3, 02-796 Warszawa<\/p>\n\n\n\n<p id=\"line1\">tel: 881 209 300<\/p>\n\n\n\n<p id=\"line1\">Fax: 22 448 09 97<\/p>\n\n\n\n<script LANGUAGE=\"JavaScript\">\nname = \"Kancelaria%20Adwokacka%3c\"\nuser = \"staczek\";\nsite = \"staczek.com\";\nsubject = \"?subject=List ze strony www.podzial.rodzinne.com.pl\"\ndocument.write('<a  href=\\\"mailto:' + name + user + '@' + site + '>' + subject + '\\\">');\n\ndocument.write( user + '@' + site + '<\/a>');\n<\/script>\n\n\n\n<p id=\"line1\"><a href=\"https:\/\/staczek.com\">www.staczek.com<\/a><\/p>\n<\/div>\n<\/div>\n<\/div>\n\n\n\n<p><\/p>\n<\/div>\n<\/div>\n<\/div>\n<\/div>\n\n\n\n<p><\/p>\n","protected":false},"excerpt":{"rendered":"<p>Kontakt z prawnikiem<\/p>\n","protected":false},"author":1,"featured_media":0,"parent":0,"menu_order":0,"comment_status":"closed","ping_status":"closed","template":"page-no-title","meta":{"footnotes":""},"class_list":["post-550","page","type-page","status-publish","hentry"],"_links":{"self":[{"href":"https:\/\/podzial.rodzinne.com.pl\/news\/wp-json\/wp\/v2\/pages\/550","targetHints":{"allow":["GET"]}}],"collection":[{"href":"https:\/\/podzial.rodzinne.com.pl\/news\/wp-json\/wp\/v2\/pages"}],"about":[{"href":"https:\/\/podzial.rodzinne.com.pl\/news\/wp-json\/wp\/v2\/types\/page"}],"author":[{"embeddable":true,"href":"https:\/\/podzial.rodzinne.com.pl\/news\/wp-json\/wp\/v2\/users\/1"}],"replies":[{"embeddable":true,"href":"https:\/\/podzial.rodzinne.com.pl\/news\/wp-json\/wp\/v2\/comments?post=550"}],"version-history":[{"count":13,"href":"https:\/\/podzial.rodzinne.com.pl\/news\/wp-json\/wp\/v2\/pages\/550\/revisions"}],"predecessor-version":[{"id":581,"href":"https:\/\/podzial.rodzinne.com.pl\/news\/wp-json\/wp\/v2\/pages\/550\/revisions\/581"}],"wp:attachment":[{"href":"https:\/\/podzial.rodzinne.com.pl\/news\/wp-json\/wp\/v2\/media?parent=550"}],"curies":[{"name":"wp","href":"https:\/\/api.w.org\/{rel}","templated":true}]}}